{"id":137,"date":"2014-06-26T16:50:14","date_gmt":"2014-06-26T14:50:14","guid":{"rendered":"http:\/\/wp.mgv-eintracht.de\/?page_id=137"},"modified":"2023-01-18T09:09:07","modified_gmt":"2023-01-18T08:09:07","slug":"die-probe","status":"publish","type":"page","link":"https:\/\/www.mgv-eintracht.de\/?page_id=137","title":{"rendered":"Die Probe"},"content":{"rendered":"<h1>Wann proben wir \u00fcberhaupt?<\/h1>\n<p>Die Probenzeit ist wie folgt:<\/p>\n<p><strong>Mittwochs von 20:00 &#8211; ca. 21.30 Uhr<\/strong><\/p>\n<p>(Leitung: Wolfgang Malm)<\/p>\n<p>Wir laden herzlich ein und freuen uns \u00fcber jeden interessierten S\u00e4nger. Keine Angst, wir bei\u00dfen nicht, jeder ist willkommen &#8211; gerne zum Schnuppern und Ausprobieren &#8211; und eine Eintrittserkl\u00e4rung muss man auch nicht gleich unterschreiben \ud83d\ude09<\/p>\n<h1>Und wo?<\/h1>\n<p>Die Probe findet in der alten Schule statt.<\/p>\n<p>Adresse:<\/p>\n<p>Alte Schule<br \/>\nLimburger Stra\u00dfe 29<br \/>\n61276 Weilrod-Hasselbach<\/p>","protected":false},"excerpt":{"rendered":"<p>Wann proben wir \u00fcberhaupt? Die Probenzeit ist wie folgt: Mittwochs von 20:00 &#8211; ca. 21.30 Uhr (Leitung: Wolfgang Malm) Wir laden herzlich ein und freuen uns \u00fcber jeden interessierten S\u00e4nger. Keine Angst, wir bei\u00dfen nicht, jeder ist willkommen &#8211; gerne zum Schnuppern und Ausprobieren &#8211; und eine Eintrittserkl\u00e4rung muss man auch nicht gleich unterschreiben \ud83d\ude09 &hellip; <\/p>\n<p><a href=\"https:\/\/www.mgv-eintracht.de\/?page_id=137\"  >Weiterlesen &raquo;<\/a><\/p>\n","protected":false},"author":1,"featured_media":0,"parent":0,"menu_order":0,"comment_status":"closed","ping_status":"open","template":"","meta":{"footnotes":""},"class_list":["post-137","page","type-page","status-publish","hentry","nodate"],"_links":{"self":[{"href":"https:\/\/www.mgv-eintracht.de\/index.php?rest_route=\/wp\/v2\/pages\/137","targetHints":{"allow":["GET"]}}],"collection":[{"href":"https:\/\/www.mgv-eintracht.de\/index.php?rest_route=\/wp\/v2\/pages"}],"about":[{"href":"https:\/\/www.mgv-eintracht.de\/index.php?rest_route=\/wp\/v2\/types\/page"}],"author":[{"embeddable":true,"href":"https:\/\/www.mgv-eintracht.de\/index.php?rest_route=\/wp\/v2\/users\/1"}],"replies":[{"embeddable":true,"href":"https:\/\/www.mgv-eintracht.de\/index.php?rest_route=%2Fwp%2Fv2%2Fcomments&post=137"}],"version-history":[{"count":5,"href":"https:\/\/www.mgv-eintracht.de\/index.php?rest_route=\/wp\/v2\/pages\/137\/revisions"}],"predecessor-version":[{"id":1412,"href":"https:\/\/www.mgv-eintracht.de\/index.php?rest_route=\/wp\/v2\/pages\/137\/revisions\/1412"}],"wp:attachment":[{"href":"https:\/\/www.mgv-eintracht.de\/index.php?rest_route=%2Fwp%2Fv2%2Fmedia&parent=137"}],"curies":[{"name":"wp","href":"https:\/\/api.w.org\/{rel}","templated":true}]}}