{"id":1460,"date":"2024-10-21T16:34:58","date_gmt":"2024-10-21T14:34:58","guid":{"rendered":"https:\/\/www.mgv-eintracht.de\/?page_id=1460"},"modified":"2025-08-21T10:24:19","modified_gmt":"2025-08-21T08:24:19","slug":"herzlich-willkommen-liebe-apfelsaft-apfelwein-freunde","status":"publish","type":"page","link":"https:\/\/www.mgv-eintracht.de\/?page_id=1460","title":{"rendered":"Herzlich willkommen liebe Apfelsaft-\/Apfelwein-Freunde"},"content":{"rendered":"<div class=\"wp-block-media-text alignwide is-stacked-on-mobile\" style=\"grid-template-columns:23% auto\"><figure class=\"wp-block-media-text__media\"><img loading=\"lazy\" decoding=\"async\" width=\"874\" height=\"1024\" src=\"https:\/\/www.mgv-eintracht.de\/wp-content\/uploads\/2024\/10\/Apfel-874x1024.jpg\" alt=\"Alexas_Fotos - https:\/\/pixabay.com (apfelsaft-obst-apfel-saft-natur-8751130)\" class=\"wp-image-1462 size-full\" srcset=\"https:\/\/www.mgv-eintracht.de\/wp-content\/uploads\/2024\/10\/Apfel-874x1024.jpg 874w, https:\/\/www.mgv-eintracht.de\/wp-content\/uploads\/2024\/10\/Apfel-256x300.jpg 256w, https:\/\/www.mgv-eintracht.de\/wp-content\/uploads\/2024\/10\/Apfel-768x900.jpg 768w, https:\/\/www.mgv-eintracht.de\/wp-content\/uploads\/2024\/10\/Apfel.jpg 1092w\" sizes=\"auto, (max-width: 874px) 100vw, 874px\" \/><\/figure><div class=\"wp-block-media-text__content\">\n<p>Wenn sich das Jahr langsam dem Ende zuneigt und der <strong>Herbst <\/strong>in vollem Gange ist, gibt die Natur in dieser sch\u00f6nen Jahreszeit ihre Sch\u00e4tze frei. Ob im Garten die Kartoffeln und der Kohl oder an den B\u00e4umen die Fr\u00fcchte wie die guten Sorten der <strong>Kelter\u00e4pfel<\/strong>.<\/p>\n\n\n\n<p>Wer kennt es nicht, viele B\u00e4ume h\u00e4ngen mit reifem Obst voll und keiner verwertet das reife Obst. Um dieses Anliegen k\u00fcmmert sich die <strong>Eintracht <\/strong>Hasselbach schon seit mehr als 10 Jahren. Anfang Oktober werden die \u00c4pfel von vielen flei\u00dfigen H\u00e4nden gelesen. Hier arbeiten wir auch mit anderen Vereinen und privaten Baumbesitzern zusammen. Wenn alle \u00c4pfel gelesen wurden kommt der gro\u00dfe <strong>Keltertag<\/strong>. Hier wird noch nach alter Sitte mit Muskelkraft die Kelter betrieben. Nat\u00fcrlich kommt der Spa\u00df auch nicht zu kurz. \ud83d\ude09<\/p>\n\n\n\n<p>Der Saft wird <strong>f\u00fcr die Kleinen <\/strong>in unseren Reihen pasteurisiert, so dass sie vom <strong>handgepressten <\/strong>Saft noch lange Vorrat haben. Der restliche Saft wird in G\u00e4rgef\u00e4\u00dfe gef\u00fcllt und wird f\u00fcr die <strong>Apfelweinherstellung <\/strong>verwendet.<\/p>\n<\/div><\/div>\n\n\n\n<p>Bei unserem j\u00e4hrlichem <strong>Fass-Anstich <\/strong>wird der erste Tropfen im Jahr an die mitwirkenden Helfer ausgegeben und man fragt sich immer wieder, ob er noch besser sei, als im vergangenen Jahr \ud83d\ude09 Auch an Verkostungen haben wir mit unserem Apfelwein bereits teilgenommen, wo er sich auch bereits mit Erfolg unter den Augen geschulter Fachleute behaupten konnte. Kontakt: <a href=\"mailto:&#x6a;&#x6f;&#x65;&#x72;&#x67;&#x2e;&#x68;&#x69;&#x6c;&#x6c;&#x40;&#x6d;&#x67;&#x76;&#x2d;&#x65;&#x69;&#x6e;&#x74;&#x72;&#x61;&#x63;&#x68;&#x74;&#x2e;&#x64;&#x65;\">&#x6a;&#x6f;&#x65;&#x72;&#x67;&#x2e;&#x68;&#x69;&#x6c;&#x6c;&#x40;<span class=\"oe_displaynone\">null<\/span>&#x6d;&#x67;&#x76;&#x2d;&#x65;&#x69;&#x6e;&#x74;&#x72;&#x61;&#x63;&#x68;&#x74;&#x2e;&#x64;&#x65;<\/a><\/p>\n\n\n\n<div class=\"wp-block-media-text alignwide is-stacked-on-mobile\" style=\"grid-template-columns:22% auto\"><figure class=\"wp-block-media-text__media\"><img loading=\"lazy\" decoding=\"async\" width=\"1024\" height=\"614\" src=\"https:\/\/www.mgv-eintracht.de\/wp-content\/uploads\/2024\/10\/Melodie-1024x614.png\" alt=\"\" class=\"wp-image-1463 size-full\" srcset=\"https:\/\/www.mgv-eintracht.de\/wp-content\/uploads\/2024\/10\/Melodie-1024x614.png 1024w, https:\/\/www.mgv-eintracht.de\/wp-content\/uploads\/2024\/10\/Melodie-300x180.png 300w, https:\/\/www.mgv-eintracht.de\/wp-content\/uploads\/2024\/10\/Melodie-768x461.png 768w, https:\/\/www.mgv-eintracht.de\/wp-content\/uploads\/2024\/10\/Melodie.png 1280w\" sizes=\"auto, (max-width: 1024px) 100vw, 1024px\" \/><\/figure><div class=\"wp-block-media-text__content\">\n<p>Dies war ein kleiner Ausflug zur Apfelweinherstellung bei der <strong>Eintracht Hasselbach<\/strong>. Diese und viele andere gesellige T\u00e4tigkeiten z.B. Wandertage und Ausfl\u00fcge bietet unser <strong>Vereinsleben<\/strong>. Das &#8222;Kerngesch\u00e4ft&#8220; liegt allerdings immer noch im <strong>Chorgesang<\/strong>. Hier wird nicht nur die &#8222;klassische&#8220; Chorliteratur einstudiert, sondern auch moderne Literatur oder zur jeweiligen Jahreszeit oder Feiertagen passende St\u00fccke &#8211; hier ist f\u00fcr <strong>jeden Geschmack <\/strong>etwas dabei.<\/p>\n\n\n\n<p><strong>Wenn wir hier Ihr Interesse geweckt haben, begr\u00fc\u00dfen wir Sie gerne in unsere Reihen &#8211; als f\u00f6rderndes Mitglied ebenso, wie als aktives Mitglied.<\/strong><\/p>\n<\/div><\/div>\n\n\n\n<p>Wenn Sie der Meinung sind &#8222;ich kann doch gar nicht singen&#8220;, \u00fcberzeugen wir Sie gerne vom Gegenteil. Spa\u00df an der Musik ist die halbe Miete &#8211; die andere H\u00e4lfte \u00fcbernimmt die Freude am Austausch und an der Geselligkeit \ud83d\ude09 Herzlich willkommen!<\/p>\n\n\n\n<p><\/p>\n\n\n\n<p><strong>EINTRITTSERKL\u00c4RUNG<\/strong>:<\/p>\n\n\n\n<div class=\"wp-block-contact-form-7-contact-form-selector\">\n<div class=\"wpcf7 no-js\" id=\"wpcf7-f1459-o1\" lang=\"de-DE\" dir=\"ltr\" data-wpcf7-id=\"1459\">\n<div class=\"screen-reader-response\"><p role=\"status\" aria-live=\"polite\" aria-atomic=\"true\"><\/p> <ul><\/ul><\/div>\n<form action=\"\/index.php?rest_route=%2Fwp%2Fv2%2Fpages%2F1460#wpcf7-f1459-o1\" method=\"post\" class=\"wpcf7-form init\" aria-label=\"Kontaktformular\" novalidate=\"novalidate\" data-status=\"init\">\n<fieldset class=\"hidden-fields-container\"><input type=\"hidden\" name=\"_wpcf7\" value=\"1459\" \/><input type=\"hidden\" name=\"_wpcf7_version\" value=\"6.1.1\" \/><input type=\"hidden\" name=\"_wpcf7_locale\" value=\"de_DE\" \/><input type=\"hidden\" name=\"_wpcf7_unit_tag\" value=\"wpcf7-f1459-o1\" \/><input type=\"hidden\" name=\"_wpcf7_container_post\" value=\"0\" \/><input type=\"hidden\" name=\"_wpcf7_posted_data_hash\" value=\"\" \/>\n<\/fieldset>\n<p>Nachname (Pflichtfeld)\n<\/p>\n<p><span class=\"wpcf7-form-control-wrap\" data-name=\"your-name\"><input size=\"40\" maxlength=\"400\" class=\"wpcf7-form-control wpcf7-text wpcf7-validates-as-required\" aria-required=\"true\" aria-invalid=\"false\" placeholder=\"Ihr Name\" value=\"\" type=\"text\" name=\"your-name\" \/><\/span>\n<\/p>\n<p>Vorname (Pflichtfeld)\n<\/p>\n<p><span class=\"wpcf7-form-control-wrap\" data-name=\"your-vorname\"><input size=\"40\" maxlength=\"400\" class=\"wpcf7-form-control wpcf7-text wpcf7-validates-as-required\" aria-required=\"true\" aria-invalid=\"false\" value=\"\" type=\"text\" name=\"your-vorname\" \/><\/span>\n<\/p>\n<p>Stra\u00dfe \/ Hausnummer (Pflichtfeld)\n<\/p>\n<p><span class=\"wpcf7-form-control-wrap\" data-name=\"your-strasse\"><input size=\"40\" maxlength=\"400\" class=\"wpcf7-form-control wpcf7-text wpcf7-validates-as-required\" aria-required=\"true\" aria-invalid=\"false\" value=\"\" type=\"text\" name=\"your-strasse\" \/><\/span>\n<\/p>\n<p>PLZ (Pflichtfeld)\n<\/p>\n<p><span class=\"wpcf7-form-control-wrap\" data-name=\"your-plz\"><input size=\"40\" maxlength=\"400\" class=\"wpcf7-form-control wpcf7-text wpcf7-validates-as-required\" aria-required=\"true\" aria-invalid=\"false\" value=\"\" type=\"text\" name=\"your-plz\" \/><\/span>\n<\/p>\n<p>Ort (Pflichtfeld)\n<\/p>\n<p><span class=\"wpcf7-form-control-wrap\" data-name=\"your-ort\"><input size=\"40\" maxlength=\"400\" class=\"wpcf7-form-control wpcf7-text wpcf7-validates-as-required\" aria-required=\"true\" aria-invalid=\"false\" value=\"\" type=\"text\" name=\"your-ort\" \/><\/span>\n<\/p>\n<p>Geburtsdatum\n<\/p>\n<p><span class=\"wpcf7-form-control-wrap\" data-name=\"your-geb\"><input size=\"40\" maxlength=\"400\" class=\"wpcf7-form-control wpcf7-text\" aria-invalid=\"false\" value=\"\" type=\"text\" name=\"your-geb\" \/><\/span>\n<\/p>\n<p>Datum der kirchlichen Trauung\n<\/p>\n<p><span class=\"wpcf7-form-control-wrap\" data-name=\"your-trauung\"><input size=\"40\" maxlength=\"400\" class=\"wpcf7-form-control wpcf7-text\" aria-invalid=\"false\" value=\"\" type=\"text\" name=\"your-trauung\" \/><\/span>\n<\/p>\n<p>Datum Standesamt\n<\/p>\n<p><span class=\"wpcf7-form-control-wrap\" data-name=\"your-standesamt\"><input size=\"40\" maxlength=\"400\" class=\"wpcf7-form-control wpcf7-text\" aria-invalid=\"false\" value=\"\" type=\"text\" name=\"your-standesamt\" \/><\/span>\n<\/p>\n<p>Name des Partners\n<\/p>\n<p><span class=\"wpcf7-form-control-wrap\" data-name=\"your-partner\"><input size=\"40\" maxlength=\"400\" class=\"wpcf7-form-control wpcf7-text\" aria-invalid=\"false\" value=\"\" type=\"text\" name=\"your-partner\" \/><\/span>\n<\/p>\n<p>Ihre Telefonnummer (Pflichtfeld)\n<\/p>\n<p><span class=\"wpcf7-form-control-wrap\" data-name=\"your-telefon\"><input size=\"40\" maxlength=\"400\" class=\"wpcf7-form-control wpcf7-text wpcf7-validates-as-required\" aria-required=\"true\" aria-invalid=\"false\" value=\"\" type=\"text\" name=\"your-telefon\" \/><\/span>\n<\/p>\n<p>Ihre E-Mail-Adresse (Pflichtfeld)\n<\/p>\n<p><span class=\"wpcf7-form-control-wrap\" data-name=\"your-email\"><input size=\"40\" maxlength=\"400\" class=\"wpcf7-form-control wpcf7-email wpcf7-validates-as-required wpcf7-text wpcf7-validates-as-email\" aria-required=\"true\" aria-invalid=\"false\" placeholder=\"Ihre E-Mail-Adresse\" value=\"\" type=\"email\" name=\"your-email\" \/><\/span>\n<\/p>\n<p>Ich m\u00f6chte Mitglied im MGV Eintracht 1882 Hasselbach e.V. werden und erkl\u00e4re meinen Eintritt als (bitte Zutreffendes ankreuzen):\n<\/p>\n<p><span class=\"wpcf7-form-control-wrap\" data-name=\"checkbox-mitglied\"><span class=\"wpcf7-form-control wpcf7-checkbox wpcf7-validates-as-required wpcf7-exclusive-checkbox\"><span class=\"wpcf7-list-item first\"><label><input type=\"checkbox\" name=\"checkbox-mitglied\" value=\"Aktives Mitglied\" \/><span class=\"wpcf7-list-item-label\">Aktives Mitglied<\/span><\/label><\/span><span class=\"wpcf7-list-item last\"><label><input type=\"checkbox\" name=\"checkbox-mitglied\" value=\"F\u00f6rderndes Mitglied\" \/><span class=\"wpcf7-list-item-label\">F\u00f6rderndes Mitglied<\/span><\/label><\/span><\/span><\/span>\n<\/p>\n<p>IBAN (Pflichtfeld)\n<\/p>\n<p><span class=\"wpcf7-form-control-wrap\" data-name=\"your-iban\"><input size=\"40\" maxlength=\"400\" class=\"wpcf7-form-control wpcf7-text wpcf7-validates-as-required\" aria-required=\"true\" aria-invalid=\"false\" value=\"\" type=\"text\" name=\"your-iban\" \/><\/span>\n<\/p>\n<p>BIC\n<\/p>\n<p><span class=\"wpcf7-form-control-wrap\" data-name=\"your-bic\"><input size=\"40\" maxlength=\"400\" class=\"wpcf7-form-control wpcf7-text\" aria-invalid=\"false\" value=\"\" type=\"text\" name=\"your-bic\" \/><\/span>\n<\/p>\n<p>Name der Bank (Pflichtfeld)\n<\/p>\n<p><span class=\"wpcf7-form-control-wrap\" data-name=\"your-bank\"><input size=\"40\" maxlength=\"400\" class=\"wpcf7-form-control wpcf7-text wpcf7-validates-as-required\" aria-required=\"true\" aria-invalid=\"false\" value=\"\" type=\"text\" name=\"your-bank\" \/><\/span>\n<\/p>\n<p>Kontoinhaber\n<\/p>\n<p><span class=\"wpcf7-form-control-wrap\" data-name=\"your-kontoinhaber\"><input size=\"40\" maxlength=\"400\" class=\"wpcf7-form-control wpcf7-text\" aria-invalid=\"false\" value=\"\" type=\"text\" name=\"your-kontoinhaber\" \/><\/span>\n<\/p>\n<p>Sonstiges\n<\/p>\n<p><span class=\"wpcf7-form-control-wrap\" data-name=\"your-sonstiges\"><textarea cols=\"40\" rows=\"10\" maxlength=\"2000\" class=\"wpcf7-form-control wpcf7-textarea\" aria-invalid=\"false\" name=\"your-sonstiges\"><\/textarea><\/span>\n<\/p>\n<p><span class=\"wpcf7-form-control-wrap\" data-name=\"acceptance-lastschrift\"><span class=\"wpcf7-form-control wpcf7-acceptance\"><span class=\"wpcf7-list-item\"><label><input type=\"checkbox\" name=\"acceptance-lastschrift\" value=\"1\" aria-invalid=\"false\" \/><span class=\"wpcf7-list-item-label\">Durch meine Zustimmung best\u00e4tige ich widerruflich, dass der j\u00e4hrliche Mitgliedsbeitrag (zur Zeit 60 Euro) von meinem Konto per Lastschriftverfahren abgebucht werden darf.<\/span><\/label><\/span><\/span><\/span>\n<\/p>\n<p><input class=\"wpcf7-form-control wpcf7-submit has-spinner\" type=\"submit\" value=\"Senden\" \/>\n<\/p><p style=\"display: none !important;\" class=\"akismet-fields-container\" data-prefix=\"_wpcf7_ak_\"><label>&#916;<textarea name=\"_wpcf7_ak_hp_textarea\" cols=\"45\" rows=\"8\" maxlength=\"100\"><\/textarea><\/label><input type=\"hidden\" id=\"ak_js_1\" name=\"_wpcf7_ak_js\" value=\"71\"\/><script>document.getElementById( \"ak_js_1\" ).setAttribute( \"value\", ( new Date() ).getTime() );<\/script><\/p><div class=\"wpcf7-response-output\" aria-hidden=\"true\"><\/div>\n<\/form>\n<\/div>\n<\/div>","protected":false},"excerpt":{"rendered":"<p>Wenn sich das Jahr langsam dem Ende zuneigt und der Herbst in vollem Gange ist, gibt die Natur in dieser sch\u00f6nen Jahreszeit ihre Sch\u00e4tze frei. Ob im Garten die Kartoffeln und der Kohl oder an den B\u00e4umen die Fr\u00fcchte wie die guten Sorten der Kelter\u00e4pfel. Wer kennt es nicht, viele B\u00e4ume h\u00e4ngen mit reifem Obst &hellip; <\/p>\n<p><a href=\"https:\/\/www.mgv-eintracht.de\/?page_id=1460\"  >Weiterlesen &raquo;<\/a><\/p>\n","protected":false},"author":1,"featured_media":1462,"parent":0,"menu_order":0,"comment_status":"closed","ping_status":"closed","template":"template-onecolumn.php","meta":{"footnotes":""},"class_list":["post-1460","page","type-page","status-publish","has-post-thumbnail","hentry","nodate"],"_links":{"self":[{"href":"https:\/\/www.mgv-eintracht.de\/index.php?rest_route=\/wp\/v2\/pages\/1460","targetHints":{"allow":["GET"]}}],"collection":[{"href":"https:\/\/www.mgv-eintracht.de\/index.php?rest_route=\/wp\/v2\/pages"}],"about":[{"href":"https:\/\/www.mgv-eintracht.de\/index.php?rest_route=\/wp\/v2\/types\/page"}],"author":[{"embeddable":true,"href":"https:\/\/www.mgv-eintracht.de\/index.php?rest_route=\/wp\/v2\/users\/1"}],"replies":[{"embeddable":true,"href":"https:\/\/www.mgv-eintracht.de\/index.php?rest_route=%2Fwp%2Fv2%2Fcomments&post=1460"}],"version-history":[{"count":13,"href":"https:\/\/www.mgv-eintracht.de\/index.php?rest_route=\/wp\/v2\/pages\/1460\/revisions"}],"predecessor-version":[{"id":1515,"href":"https:\/\/www.mgv-eintracht.de\/index.php?rest_route=\/wp\/v2\/pages\/1460\/revisions\/1515"}],"wp:featuredmedia":[{"embeddable":true,"href":"https:\/\/www.mgv-eintracht.de\/index.php?rest_route=\/wp\/v2\/media\/1462"}],"wp:attachment":[{"href":"https:\/\/www.mgv-eintracht.de\/index.php?rest_route=%2Fwp%2Fv2%2Fmedia&parent=1460"}],"curies":[{"name":"wp","href":"https:\/\/api.w.org\/{rel}","templated":true}]}}