{"id":5,"date":"2014-06-26T11:36:41","date_gmt":"2014-06-26T09:36:41","guid":{"rendered":"http:\/\/wp.mgv-eintracht.de\/?page_id=5"},"modified":"2023-01-18T09:08:23","modified_gmt":"2023-01-18T08:08:23","slug":"der-verein","status":"publish","type":"page","link":"https:\/\/www.mgv-eintracht.de\/?page_id=5","title":{"rendered":"Der Verein"},"content":{"rendered":"<p>Der M\u00e4nnerchor der Eintracht Hasselbach ist weit \u00fcber die Gemeinde- und Kreisgrenze als leistungsstarker Chor bekannt. Nicht zuletzt auch ein Verdienst unseres Chorleiters Andreas Jung, der den Chor von 1989 bis 2019 leitete. Heute steht der Chor unter der Leitung von Wolfgang Malm.<br \/>\nMit unseren Aktivit\u00e4ten wie z.B. Chor- und Solistenkonzerten, Auftritten bei kirchlichen und gemeindlichen Anl\u00e4ssen sowie j\u00e4hrlichen Theaterauff\u00fchrungen bereichern wir das kulturelle Leben in unserer Region.<br \/>\nAber Vereinsleben ist nicht nur der Chorgesang, so sind alle Mitglieder und Freunde des Vereins z.B. alle 2 Jahre zu einen mehrt\u00e4gigen Vereinsausflug eingeladen. So waren wir schon u.a. in Italien (Mitgestaltung eines Gottesdienstes im Petersdom in Rom), Ungarn, \u00d6sterreich, Frankreich und in der Schweiz.<\/p>\n<div id=\"attachment_6\" style=\"width: 410px\" class=\"wp-caption alignnone\"><a href=\"http:\/\/wp.mgv-eintracht.de\/wp-content\/uploads\/2014\/06\/eintracht_hasselbach_2007_web.jpg\"  ><img loading=\"lazy\" decoding=\"async\" aria-describedby=\"caption-attachment-6\" class=\" wp-image-6\" src=\"http:\/\/wp.mgv-eintracht.de\/wp-content\/uploads\/2014\/06\/eintracht_hasselbach_2007_web.jpg\" alt=\"Die Eintracht Hasselbach im Jubil\u00e4umsjahr 2007\" width=\"400\" height=\"226\" srcset=\"https:\/\/www.mgv-eintracht.de\/wp-content\/uploads\/2014\/06\/eintracht_hasselbach_2007_web.jpg 550w, https:\/\/www.mgv-eintracht.de\/wp-content\/uploads\/2014\/06\/eintracht_hasselbach_2007_web-300x169.jpg 300w\" sizes=\"auto, (max-width: 400px) 100vw, 400px\" \/><\/a><p id=\"caption-attachment-6\" class=\"wp-caption-text\">Die Eintracht Hasselbach im Jubil\u00e4umsjahr 2007<\/p><\/div>\n<p align=\"left\">Der MGV &#8222;Eintracht&#8220; ist \u00e4ltester Verein der ca. 1.000 Einwohner z\u00e4hlenden Taunusgemeinde Hasselbach. Das Gr\u00fcndungsdatum ist mit dem 15. August 1882 \u00fcberliefert. Seit dieser Zeit ist das Gasthaus &#8222;Zur Krone&#8220; das Vereinslokal des Vereins. Im Laufe der wechselvollen Geschichte verstanden es die Mitglieder immer wieder ihrem Verein neue Impulse zu geben und so manch negativer Zeiterscheinung entgegenzutreten.<\/p>\n<p align=\"left\">Durch langj\u00e4hrige Zusammenarbeit mit namhaften Chorleitern wie Josef Neuheuser (1925-1947), Jakob Kraus (1952-1968) und Karl Kohlhof (1968-1989) gelang es dem Chor, sich \u00fcber Jahrzehnte hinweg auf einem sehr hohen Leistungsniveau zu halten. Auf Grund der verschiedenen musikalischen Schwerpunkte, bestimmt durch den jeweiligen Chorleiter, ergaben sich f\u00fcr die S\u00e4nger immer wieder neue Herausforderungen; diese werden jedoch bis zum heutigen Tag mit Flei\u00df und Ausdauer angenommen und bew\u00e4ltigt. So lag z.B. in der Zeit des Chorleiters Kraus, einem ausgemachten Konzert- und Opernfreund, bei der Auswahl der Literatur der Schwerpunkt auf den g\u00e4ngigen Opernch\u00f6ren von Wagner, Verdi, Puccini, Weber sowie Beethoven u.a. Kraus&#8216; Nachfolger, Musikdirektor Karl Kohlhof, hingegen war Verfechter moderner Chorliteratur: F\u00fcr die Chormitglieder ein entsprechend schwieriger Umgew\u00f6hnungsprozess von der konzertanten Literatur zu den zeitgen\u00f6ssischen Musikern wie Cosett, Novak, Poos sowie Heinrichs etc.<\/p>\n<p align=\"left\">In dieser Zeit konnte sich der Verein auf die ununterbrochene 30j\u00e4hrige F\u00fchrung des heutigen Ehrenvorsitzenden Horst Heuser st\u00fctzen. Unter dessen Regie \u00f6ffnete sich der Verein mehr und mehr nach au\u00dfen, so wurde z.B. verst\u00e4rkt an Konzerten und Chorwettbewerben teilgenommen. Dem Chor gelang es, sich in dieser Zeit ein ausgezeichnetes Renommee zu erarbeiten, das bis heute Bestand hat.<\/p>\n<p align=\"left\">Die &#8222;Eintracht&#8220; war auch selbst Ausrichter mehrerer gro\u00dfer Wettbewerbe: 1977 mit 44 teilnehmenden Ch\u00f6ren, 1982 mit 47, 1992 mit 31 und 2007 mit 31 Ch\u00f6ren. Aber auch im \u00f6ffentlichen Leben ist die &#8222;Eintracht&#8220; sehr gefragt. So \u00fcbernahm der Chor z.B. die musikalische Gestaltung der Grundsteinlegung des Messeturms Frankfurt oder die Mitgestaltung der Feierlichkeiten anl\u00e4sslich der 25-Jahr-Feier des Hochtaunuskreises. Der <a href=\"http:\/\/wp.mgv-eintracht.de\/?page_id=10\"  >Chor<\/a> lie\u00df bei Konzert- und Ausflugsfahrten auch oft die deutschen Grenzen hinter sich und zeigte u.a. in Frankreich, der Schweiz, in \u00d6sterreich und Ungarn sein K\u00f6nnen. Als eine &#8222;ganz besondere&#8220; Konzertreise kann man sicher die Reise nach Rom bezeichnen. Eine gro\u00dfe Ehre wurde den S\u00e4ngern hier bei einer Papstaudienz und der Gestaltung eines Gottesdienstes im Petersdom zuteil. Weiterhin gab der Chor Konzerte in der &#8222;Sankt Ignatius-Kirche&#8220; und den &#8222;Domitilla-Katakomben&#8220;.<\/p>\n<p align=\"left\">Eine sehr lange Tradition innerhalb des Vereinslebens nimmt auch das Laienschauspiel ein: Bereits Anfang der 30er Jahre wurde bei der &#8222;Eintracht&#8220; Theater gespielt, allerdings nur einige Jahre: W\u00e4hrend des Krieges war das Laienspiel nicht mehr m\u00f6glich. Doch sehr schnell konnte man nach dem Krieg wieder neue Begeisterung f\u00fcr das Theater gewinnen: 1947 begann eine ann\u00e4hernd 20 Jahre andauernde Zeit des Singspiels und des Theaters. Mitte der 60er Jahre wurde die B\u00fchne des Saalbaus &#8222;Zur Krone&#8220; umgebaut, Geld f\u00fcr neue Kulissen war jedoch nicht mehr vorhanden. Das Laienspiel pausierte. Doch seit 1988 hat sich wieder eine neue Generation junger Laienschauspieler gefunden, die mit Spa\u00df und Elan sehr erfolgreich j\u00e4hrlich vor ausverkauftem Saal spielt.<\/p>","protected":false},"excerpt":{"rendered":"<p>Der M\u00e4nnerchor der Eintracht Hasselbach ist weit \u00fcber die Gemeinde- und Kreisgrenze als leistungsstarker Chor bekannt. Nicht zuletzt auch ein Verdienst unseres Chorleiters Andreas Jung, der den Chor von 1989 bis 2019 leitete. Heute steht der Chor unter der Leitung von Wolfgang Malm. Mit unseren Aktivit\u00e4ten wie z.B. Chor- und Solistenkonzerten, Auftritten bei kirchlichen und &hellip; <\/p>\n<p><a href=\"https:\/\/www.mgv-eintracht.de\/?page_id=5\"  >Weiterlesen &raquo;<\/a><\/p>\n","protected":false},"author":1,"featured_media":0,"parent":0,"menu_order":0,"comment_status":"closed","ping_status":"closed","template":"","meta":{"footnotes":""},"class_list":["post-5","page","type-page","status-publish","hentry","nodate"],"_links":{"self":[{"href":"https:\/\/www.mgv-eintracht.de\/index.php?rest_route=\/wp\/v2\/pages\/5","targetHints":{"allow":["GET"]}}],"collection":[{"href":"https:\/\/www.mgv-eintracht.de\/index.php?rest_route=\/wp\/v2\/pages"}],"about":[{"href":"https:\/\/www.mgv-eintracht.de\/index.php?rest_route=\/wp\/v2\/types\/page"}],"author":[{"embeddable":true,"href":"https:\/\/www.mgv-eintracht.de\/index.php?rest_route=\/wp\/v2\/users\/1"}],"replies":[{"embeddable":true,"href":"https:\/\/www.mgv-eintracht.de\/index.php?rest_route=%2Fwp%2Fv2%2Fcomments&post=5"}],"version-history":[{"count":5,"href":"https:\/\/www.mgv-eintracht.de\/index.php?rest_route=\/wp\/v2\/pages\/5\/revisions"}],"predecessor-version":[{"id":1411,"href":"https:\/\/www.mgv-eintracht.de\/index.php?rest_route=\/wp\/v2\/pages\/5\/revisions\/1411"}],"wp:attachment":[{"href":"https:\/\/www.mgv-eintracht.de\/index.php?rest_route=%2Fwp%2Fv2%2Fmedia&parent=5"}],"curies":[{"name":"wp","href":"https:\/\/api.w.org\/{rel}","templated":true}]}}